{"id":2294,"date":"2021-09-04T18:12:50","date_gmt":"2021-09-04T18:12:50","guid":{"rendered":"https:\/\/kristongitka.com\/?page_id=2294"},"modified":"2021-09-04T18:14:49","modified_gmt":"2021-09-04T18:14:49","slug":"arcok","status":"publish","type":"page","link":"https:\/\/kristongitka.com\/index.php\/arcok\/","title":{"rendered":"Arcok"},"content":{"rendered":"\t\t<div data-elementor-type=\"wp-post\" data-elementor-id=\"2294\" class=\"elementor elementor-2294 elementor-1654\" data-elementor-post-type=\"page\">\n\t\t\t\t\t\t<section class=\"elementor-section elementor-top-section elementor-element elementor-element-wsjjmdr elementor-section-boxed elementor-section-height-default elementor-section-height-default\" data-id=\"wsjjmdr\" data-element_type=\"section\" data-settings=\"{&quot;background_background&quot;:&quot;classic&quot;}\">\n\t\t\t\t\t\t\t<div class=\"elementor-background-overlay\"><\/div>\n\t\t\t\t\t\t\t<div class=\"elementor-container elementor-column-gap-default\">\n\t\t\t\t\t<div class=\"elementor-column elementor-col-100 elementor-top-column elementor-element elementor-element-htogtop\" data-id=\"htogtop\" data-element_type=\"column\">\n\t\t\t<div class=\"elementor-widget-wrap elementor-element-populated\">\n\t\t\t\t\t\t<div class=\"elementor-element elementor-element-pyqcitf elementor-invisible elementor-widget elementor-widget-heading\" data-id=\"pyqcitf\" data-element_type=\"widget\" data-settings=\"{&quot;_animation&quot;:&quot;fadeInUp&quot;,&quot;_animation_delay&quot;:200}\" data-widget_type=\"heading.default\">\n\t\t\t\t<div class=\"elementor-widget-container\">\n\t\t\t\t\t<h1 class=\"elementor-heading-title elementor-size-default\">ARCOK<\/h1>\t\t\t\t<\/div>\n\t\t\t\t<\/div>\n\t\t\t\t<div class=\"elementor-element elementor-element-gkpao92 animated-slow elementor-invisible elementor-widget elementor-widget-text-editor\" data-id=\"gkpao92\" data-element_type=\"widget\" data-settings=\"{&quot;_animation&quot;:&quot;fadeInUp&quot;}\" data-widget_type=\"text-editor.default\">\n\t\t\t\t<div class=\"elementor-widget-container\">\n\t\t\t\t\t\t\t\t\t<p>2020 \u00e9v v\u00e9g\u00e9n, az Agr\u00e1rminiszt\u00e9rium t\u00e1mogat\u00e1s\u00e1nak k\u00f6sz\u00f6nhet\u0151en megalkottam az &#8222;ARCOK&#8221; kollekci\u00f3mat, melynek saj\u00e1toss\u00e1ga, hogy h\u00edres emberek ikonikus ismertet\u0151it helyettes\u00edtettem az \u00e1ltalam tervezett maty\u00f3 mot\u00edvumokkal. A kollekci\u00f3 keret\u00e9n bel\u00fcl Frida Kahlo \u00e9s David Bowie arc\u00e1t \u00e9rtelmeztem \u00fajra. J\u00f6v\u0151beni terveim k\u00f6z\u00f6tt szerepel a kollekci\u00f3 folyamatos b\u0151v\u00edt\u00e9se.<\/p><p>\u00a0<\/p>\t\t\t\t\t\t\t\t<\/div>\n\t\t\t\t<\/div>\n\t\t\t\t\t<\/div>\n\t\t<\/div>\n\t\t\t\t\t<\/div>\n\t\t<\/section>\n\t\t\t\t<section class=\"elementor-section elementor-top-section elementor-element elementor-element-6f68a64 elementor-section-full_width elementor-section-height-default elementor-section-height-default\" data-id=\"6f68a64\" data-element_type=\"section\">\n\t\t\t\t\t\t<div class=\"elementor-container elementor-column-gap-no\">\n\t\t\t\t\t<div class=\"elementor-column elementor-col-100 elementor-top-column elementor-element elementor-element-0bc314f\" data-id=\"0bc314f\" data-element_type=\"column\">\n\t\t\t<div class=\"elementor-widget-wrap elementor-element-populated\">\n\t\t\t\t\t\t<div class=\"elementor-element elementor-element-fd03ff3 elementor-widget elementor-widget-gallery\" data-id=\"fd03ff3\" data-element_type=\"widget\" data-settings=\"{&quot;gallery_layout&quot;:&quot;masonry&quot;,&quot;columns&quot;:5,&quot;gap&quot;:{&quot;unit&quot;:&quot;px&quot;,&quot;size&quot;:0,&quot;sizes&quot;:[]},&quot;lazyload&quot;:&quot;yes&quot;,&quot;columns_tablet&quot;:2,&quot;columns_mobile&quot;:1,&quot;gap_tablet&quot;:{&quot;unit&quot;:&quot;px&quot;,&quot;size&quot;:10,&quot;sizes&quot;:[]},&quot;gap_mobile&quot;:{&quot;unit&quot;:&quot;px&quot;,&quot;size&quot;:10,&quot;sizes&quot;:[]},&quot;link_to&quot;:&quot;file&quot;,&quot;overlay_background&quot;:&quot;yes&quot;,&quot;content_hover_animation&quot;:&quot;fade-in&quot;}\" data-widget_type=\"gallery.default\">\n\t\t\t\t<div class=\"elementor-widget-container\">\n\t\t\t\t\t\t\t<div class=\"elementor-gallery__container\">\n\t\t\t\t\t\t\t<a class=\"e-gallery-item elementor-gallery-item elementor-animated-content\" href=\"https:\/\/kristongitka.com\/wp-content\/uploads\/2021\/08\/28690AC9-3ACB-4809-B27B-C015E7CFDDD0-1-scaled.jpeg\" data-elementor-open-lightbox=\"yes\" data-elementor-lightbox-slideshow=\"fd03ff3\" data-e-action-hash=\"#elementor-action%3Aaction%3Dlightbox%26settings%3DeyJpZCI6MTQzNSwidXJsIjoiaHR0cHM6XC9cL2tyaXN0b25naXRrYS5jb21cL3dwLWNvbnRlbnRcL3VwbG9hZHNcLzIwMjFcLzA4XC8yODY5MEFDOS0zQUNCLTQ4MDktQjI3Qi1DMDE1RTdDRkRERDAtMS1zY2FsZWQuanBlZyIsInNsaWRlc2hvdyI6ImZkMDNmZjMifQ%3D%3D\">\n\t\t\t\t\t<div class=\"e-gallery-image elementor-gallery-item__image\" data-thumbnail=\"https:\/\/kristongitka.com\/wp-content\/uploads\/2021\/08\/28690AC9-3ACB-4809-B27B-C015E7CFDDD0-1-768x1024.jpeg\" data-width=\"768\" data-height=\"1024\" aria-label=\"\" role=\"img\" ><\/div>\n\t\t\t\t\t\t\t\t\t\t\t<div class=\"elementor-gallery-item__overlay\"><\/div>\n\t\t\t\t\t\t\t\t\t\t\t\t\t\t<\/a>\n\t\t\t\t\t\t\t<a class=\"e-gallery-item elementor-gallery-item elementor-animated-content\" href=\"https:\/\/kristongitka.com\/wp-content\/uploads\/2021\/08\/B371E690-DE55-4F4D-B649-093AE1E2DE56-1-scaled.jpeg\" data-elementor-open-lightbox=\"yes\" data-elementor-lightbox-slideshow=\"fd03ff3\" data-e-action-hash=\"#elementor-action%3Aaction%3Dlightbox%26settings%3DeyJpZCI6MTQyOCwidXJsIjoiaHR0cHM6XC9cL2tyaXN0b25naXRrYS5jb21cL3dwLWNvbnRlbnRcL3VwbG9hZHNcLzIwMjFcLzA4XC9CMzcxRTY5MC1ERTU1LTRGNEQtQjY0OS0wOTNBRTFFMkRFNTYtMS1zY2FsZWQuanBlZyIsInNsaWRlc2hvdyI6ImZkMDNmZjMifQ%3D%3D\">\n\t\t\t\t\t<div class=\"e-gallery-image elementor-gallery-item__image\" data-thumbnail=\"https:\/\/kristongitka.com\/wp-content\/uploads\/2021\/08\/B371E690-DE55-4F4D-B649-093AE1E2DE56-1-768x1024.jpeg\" data-width=\"768\" data-height=\"1024\" aria-label=\"\" role=\"img\" ><\/div>\n\t\t\t\t\t\t\t\t\t\t\t<div class=\"elementor-gallery-item__overlay\"><\/div>\n\t\t\t\t\t\t\t\t\t\t\t\t\t\t<\/a>\n\t\t\t\t\t\t\t<a class=\"e-gallery-item elementor-gallery-item elementor-animated-content\" href=\"https:\/\/kristongitka.com\/wp-content\/uploads\/2021\/08\/C074CB30-3A06-439A-AFDC-D6775C81829A-1-scaled.jpeg\" data-elementor-open-lightbox=\"yes\" data-elementor-lightbox-slideshow=\"fd03ff3\" data-e-action-hash=\"#elementor-action%3Aaction%3Dlightbox%26settings%3DeyJpZCI6MTQyOSwidXJsIjoiaHR0cHM6XC9cL2tyaXN0b25naXRrYS5jb21cL3dwLWNvbnRlbnRcL3VwbG9hZHNcLzIwMjFcLzA4XC9DMDc0Q0IzMC0zQTA2LTQzOUEtQUZEQy1ENjc3NUM4MTgyOUEtMS1zY2FsZWQuanBlZyIsInNsaWRlc2hvdyI6ImZkMDNmZjMifQ%3D%3D\">\n\t\t\t\t\t<div class=\"e-gallery-image elementor-gallery-item__image\" data-thumbnail=\"https:\/\/kristongitka.com\/wp-content\/uploads\/2021\/08\/C074CB30-3A06-439A-AFDC-D6775C81829A-1-768x1024.jpeg\" data-width=\"768\" data-height=\"1024\" aria-label=\"\" role=\"img\" ><\/div>\n\t\t\t\t\t\t\t\t\t\t\t<div class=\"elementor-gallery-item__overlay\"><\/div>\n\t\t\t\t\t\t\t\t\t\t\t\t\t\t<\/a>\n\t\t\t\t\t\t\t<a class=\"e-gallery-item elementor-gallery-item elementor-animated-content\" href=\"https:\/\/kristongitka.com\/wp-content\/uploads\/2021\/08\/76840F79-7B41-4B17-9C8C-300D7B77F21D-1-scaled.jpeg\" data-elementor-open-lightbox=\"yes\" data-elementor-lightbox-slideshow=\"fd03ff3\" data-e-action-hash=\"#elementor-action%3Aaction%3Dlightbox%26settings%3DeyJpZCI6MTQzNywidXJsIjoiaHR0cHM6XC9cL2tyaXN0b25naXRrYS5jb21cL3dwLWNvbnRlbnRcL3VwbG9hZHNcLzIwMjFcLzA4XC83Njg0MEY3OS03QjQxLTRCMTctOUM4Qy0zMDBEN0I3N0YyMUQtMS1zY2FsZWQuanBlZyIsInNsaWRlc2hvdyI6ImZkMDNmZjMifQ%3D%3D\">\n\t\t\t\t\t<div class=\"e-gallery-image elementor-gallery-item__image\" data-thumbnail=\"https:\/\/kristongitka.com\/wp-content\/uploads\/2021\/08\/76840F79-7B41-4B17-9C8C-300D7B77F21D-1-768x1024.jpeg\" data-width=\"768\" data-height=\"1024\" aria-label=\"\" role=\"img\" ><\/div>\n\t\t\t\t\t\t\t\t\t\t\t<div class=\"elementor-gallery-item__overlay\"><\/div>\n\t\t\t\t\t\t\t\t\t\t\t\t\t\t<\/a>\n\t\t\t\t\t\t\t<a class=\"e-gallery-item elementor-gallery-item elementor-animated-content\" href=\"https:\/\/kristongitka.com\/wp-content\/uploads\/2021\/08\/81A3220C-7101-40AE-95E7-93B42D30AC8A-1-scaled.jpeg\" data-elementor-open-lightbox=\"yes\" data-elementor-lightbox-slideshow=\"fd03ff3\" data-e-action-hash=\"#elementor-action%3Aaction%3Dlightbox%26settings%3DeyJpZCI6MTQzMywidXJsIjoiaHR0cHM6XC9cL2tyaXN0b25naXRrYS5jb21cL3dwLWNvbnRlbnRcL3VwbG9hZHNcLzIwMjFcLzA4XC84MUEzMjIwQy03MTAxLTQwQUUtOTVFNy05M0I0MkQzMEFDOEEtMS1zY2FsZWQuanBlZyIsInNsaWRlc2hvdyI6ImZkMDNmZjMifQ%3D%3D\">\n\t\t\t\t\t<div class=\"e-gallery-image elementor-gallery-item__image\" data-thumbnail=\"https:\/\/kristongitka.com\/wp-content\/uploads\/2021\/08\/81A3220C-7101-40AE-95E7-93B42D30AC8A-1-768x1024.jpeg\" data-width=\"768\" data-height=\"1024\" aria-label=\"\" role=\"img\" ><\/div>\n\t\t\t\t\t\t\t\t\t\t\t<div class=\"elementor-gallery-item__overlay\"><\/div>\n\t\t\t\t\t\t\t\t\t\t\t\t\t\t<\/a>\n\t\t\t\t\t\t\t<a class=\"e-gallery-item elementor-gallery-item elementor-animated-content\" href=\"https:\/\/kristongitka.com\/wp-content\/uploads\/2021\/08\/F56F23AB-46FB-41FC-8B54-8CB9669320FB-1-scaled.jpeg\" data-elementor-open-lightbox=\"yes\" data-elementor-lightbox-slideshow=\"fd03ff3\" data-e-action-hash=\"#elementor-action%3Aaction%3Dlightbox%26settings%3DeyJpZCI6MTQzMSwidXJsIjoiaHR0cHM6XC9cL2tyaXN0b25naXRrYS5jb21cL3dwLWNvbnRlbnRcL3VwbG9hZHNcLzIwMjFcLzA4XC9GNTZGMjNBQi00NkZCLTQxRkMtOEI1NC04Q0I5NjY5MzIwRkItMS1zY2FsZWQuanBlZyIsInNsaWRlc2hvdyI6ImZkMDNmZjMifQ%3D%3D\">\n\t\t\t\t\t<div class=\"e-gallery-image elementor-gallery-item__image\" data-thumbnail=\"https:\/\/kristongitka.com\/wp-content\/uploads\/2021\/08\/F56F23AB-46FB-41FC-8B54-8CB9669320FB-1-768x576.jpeg\" data-width=\"768\" data-height=\"576\" aria-label=\"\" role=\"img\" ><\/div>\n\t\t\t\t\t\t\t\t\t\t\t<div class=\"elementor-gallery-item__overlay\"><\/div>\n\t\t\t\t\t\t\t\t\t\t\t\t\t\t<\/a>\n\t\t\t\t\t\t\t<a class=\"e-gallery-item elementor-gallery-item elementor-animated-content\" href=\"https:\/\/kristongitka.com\/wp-content\/uploads\/2021\/08\/40729C37-5658-4FD3-854B-094E4E058268-1-scaled.jpeg\" data-elementor-open-lightbox=\"yes\" data-elementor-lightbox-slideshow=\"fd03ff3\" data-e-action-hash=\"#elementor-action%3Aaction%3Dlightbox%26settings%3DeyJpZCI6MTQzNiwidXJsIjoiaHR0cHM6XC9cL2tyaXN0b25naXRrYS5jb21cL3dwLWNvbnRlbnRcL3VwbG9hZHNcLzIwMjFcLzA4XC80MDcyOUMzNy01NjU4LTRGRDMtODU0Qi0wOTRFNEUwNTgyNjgtMS1zY2FsZWQuanBlZyIsInNsaWRlc2hvdyI6ImZkMDNmZjMifQ%3D%3D\">\n\t\t\t\t\t<div class=\"e-gallery-image elementor-gallery-item__image\" data-thumbnail=\"https:\/\/kristongitka.com\/wp-content\/uploads\/2021\/08\/40729C37-5658-4FD3-854B-094E4E058268-1-768x576.jpeg\" data-width=\"768\" data-height=\"576\" aria-label=\"\" role=\"img\" ><\/div>\n\t\t\t\t\t\t\t\t\t\t\t<div class=\"elementor-gallery-item__overlay\"><\/div>\n\t\t\t\t\t\t\t\t\t\t\t\t\t\t<\/a>\n\t\t\t\t\t\t\t<a class=\"e-gallery-item elementor-gallery-item elementor-animated-content\" href=\"https:\/\/kristongitka.com\/wp-content\/uploads\/2021\/08\/7E91EE0C-6F9C-421E-B1C2-BE7D29C4AAF2-1-scaled.jpeg\" data-elementor-open-lightbox=\"yes\" data-elementor-lightbox-slideshow=\"fd03ff3\" data-e-action-hash=\"#elementor-action%3Aaction%3Dlightbox%26settings%3DeyJpZCI6MTQzMiwidXJsIjoiaHR0cHM6XC9cL2tyaXN0b25naXRrYS5jb21cL3dwLWNvbnRlbnRcL3VwbG9hZHNcLzIwMjFcLzA4XC83RTkxRUUwQy02RjlDLTQyMUUtQjFDMi1CRTdEMjlDNEFBRjItMS1zY2FsZWQuanBlZyIsInNsaWRlc2hvdyI6ImZkMDNmZjMifQ%3D%3D\">\n\t\t\t\t\t<div class=\"e-gallery-image elementor-gallery-item__image\" data-thumbnail=\"https:\/\/kristongitka.com\/wp-content\/uploads\/2021\/08\/7E91EE0C-6F9C-421E-B1C2-BE7D29C4AAF2-1-768x576.jpeg\" data-width=\"768\" data-height=\"576\" aria-label=\"\" role=\"img\" ><\/div>\n\t\t\t\t\t\t\t\t\t\t\t<div class=\"elementor-gallery-item__overlay\"><\/div>\n\t\t\t\t\t\t\t\t\t\t\t\t\t\t<\/a>\n\t\t\t\t\t\t\t<a class=\"e-gallery-item elementor-gallery-item elementor-animated-content\" href=\"https:\/\/kristongitka.com\/wp-content\/uploads\/2021\/08\/613DB007-5671-41EF-8D61-F20D3ABEB4AC-1-scaled.jpeg\" data-elementor-open-lightbox=\"yes\" data-elementor-lightbox-slideshow=\"fd03ff3\" data-e-action-hash=\"#elementor-action%3Aaction%3Dlightbox%26settings%3DeyJpZCI6MTQzNCwidXJsIjoiaHR0cHM6XC9cL2tyaXN0b25naXRrYS5jb21cL3dwLWNvbnRlbnRcL3VwbG9hZHNcLzIwMjFcLzA4XC82MTNEQjAwNy01NjcxLTQxRUYtOEQ2MS1GMjBEM0FCRUI0QUMtMS1zY2FsZWQuanBlZyIsInNsaWRlc2hvdyI6ImZkMDNmZjMifQ%3D%3D\">\n\t\t\t\t\t<div class=\"e-gallery-image elementor-gallery-item__image\" data-thumbnail=\"https:\/\/kristongitka.com\/wp-content\/uploads\/2021\/08\/613DB007-5671-41EF-8D61-F20D3ABEB4AC-1-768x576.jpeg\" data-width=\"768\" data-height=\"576\" aria-label=\"\" role=\"img\" ><\/div>\n\t\t\t\t\t\t\t\t\t\t\t<div class=\"elementor-gallery-item__overlay\"><\/div>\n\t\t\t\t\t\t\t\t\t\t\t\t\t\t<\/a>\n\t\t\t\t\t<\/div>\n\t\t\t\t\t<\/div>\n\t\t\t\t<\/div>\n\t\t\t\t\t<\/div>\n\t\t<\/div>\n\t\t\t\t\t<\/div>\n\t\t<\/section>\n\t\t\t\t<section class=\"elementor-section elementor-top-section elementor-element elementor-element-2b14156 elementor-section-boxed elementor-section-height-default elementor-section-height-default\" data-id=\"2b14156\" data-element_type=\"section\">\n\t\t\t\t\t\t<div class=\"elementor-container elementor-column-gap-default\">\n\t\t\t\t\t<div class=\"elementor-column elementor-col-100 elementor-top-column elementor-element elementor-element-dc6b3e5\" data-id=\"dc6b3e5\" data-element_type=\"column\">\n\t\t\t<div class=\"elementor-widget-wrap elementor-element-populated\">\n\t\t\t\t\t\t<div class=\"elementor-element elementor-element-f04f600 elementor-widget elementor-widget-heading\" data-id=\"f04f600\" data-element_type=\"widget\" data-widget_type=\"heading.default\">\n\t\t\t\t<div class=\"elementor-widget-container\">\n\t\t\t\t\t<h2 class=\"elementor-heading-title elementor-size-default\">A projekt az Agr\u00e1rminiszt\u00e9rium t\u00e1mogat\u00e1s\u00e1val j\u00f6tt l\u00e9tre<\/h2>\t\t\t\t<\/div>\n\t\t\t\t<\/div>\n\t\t\t\t<div class=\"elementor-element elementor-element-c46c87d elementor-widget elementor-widget-image\" data-id=\"c46c87d\" data-element_type=\"widget\" data-widget_type=\"image.default\">\n\t\t\t\t<div class=\"elementor-widget-container\">\n\t\t\t\t\t\t\t\t\t\t\t\t\t\t\t<img fetchpriority=\"high\" decoding=\"async\" width=\"426\" height=\"317\" src=\"https:\/\/kristongitka.com\/wp-content\/uploads\/2021\/08\/AM_Vagott.png\" class=\"attachment-large size-large wp-image-1328\" alt=\"\" srcset=\"https:\/\/kristongitka.com\/wp-content\/uploads\/2021\/08\/AM_Vagott.png 426w, https:\/\/kristongitka.com\/wp-content\/uploads\/2021\/08\/AM_Vagott-300x223.png 300w\" sizes=\"(max-width: 426px) 100vw, 426px\" \/>\t\t\t\t\t\t\t\t\t\t\t\t\t\t\t<\/div>\n\t\t\t\t<\/div>\n\t\t\t\t\t<\/div>\n\t\t<\/div>\n\t\t\t\t\t<\/div>\n\t\t<\/section>\n\t\t\t\t<\/div>\n\t\t","protected":false},"excerpt":{"rendered":"<p>ARCOK 2020 \u00e9v v\u00e9g\u00e9n, az Agr\u00e1rminiszt\u00e9rium t\u00e1mogat\u00e1s\u00e1nak k\u00f6sz\u00f6nhet\u0151en megalkottam az &#8222;ARCOK&#8221; kollekci\u00f3mat, melynek saj\u00e1toss\u00e1ga, hogy h\u00edres emberek ikonikus ismertet\u0151it helyettes\u00edtettem az \u00e1ltalam tervezett maty\u00f3 mot\u00edvumokkal. A kollekci\u00f3 keret\u00e9n bel\u00fcl Frida Kahlo \u00e9s David Bowie arc\u00e1t \u00e9rtelmeztem \u00fajra. J\u00f6v\u0151beni terveim k\u00f6z\u00f6tt szerepel a kollekci\u00f3 folyamatos b\u0151v\u00edt\u00e9se. \u00a0 A projekt az Agr\u00e1rminiszt\u00e9rium t\u00e1mogat\u00e1s\u00e1val j\u00f6tt l\u00e9tre<\/p>\n","protected":false},"author":3,"featured_media":0,"parent":0,"menu_order":0,"comment_status":"closed","ping_status":"closed","template":"","meta":{"footnotes":""},"class_list":["post-2294","page","type-page","status-publish","hentry"],"_links":{"self":[{"href":"https:\/\/kristongitka.com\/index.php\/wp-json\/wp\/v2\/pages\/2294","targetHints":{"allow":["GET"]}}],"collection":[{"href":"https:\/\/kristongitka.com\/index.php\/wp-json\/wp\/v2\/pages"}],"about":[{"href":"https:\/\/kristongitka.com\/index.php\/wp-json\/wp\/v2\/types\/page"}],"author":[{"embeddable":true,"href":"https:\/\/kristongitka.com\/index.php\/wp-json\/wp\/v2\/users\/3"}],"replies":[{"embeddable":true,"href":"https:\/\/kristongitka.com\/index.php\/wp-json\/wp\/v2\/comments?post=2294"}],"version-history":[{"count":5,"href":"https:\/\/kristongitka.com\/index.php\/wp-json\/wp\/v2\/pages\/2294\/revisions"}],"predecessor-version":[{"id":2308,"href":"https:\/\/kristongitka.com\/index.php\/wp-json\/wp\/v2\/pages\/2294\/revisions\/2308"}],"wp:attachment":[{"href":"https:\/\/kristongitka.com\/index.php\/wp-json\/wp\/v2\/media?parent=2294"}],"curies":[{"name":"wp","href":"https:\/\/api.w.org\/{rel}","templated":true}]}}