{"id":2285,"date":"2021-09-04T18:06:59","date_gmt":"2021-09-04T18:06:59","guid":{"rendered":"https:\/\/kristongitka.com\/?page_id=2285"},"modified":"2021-09-04T18:12:22","modified_gmt":"2021-09-04T18:12:22","slug":"tortenetem","status":"publish","type":"page","link":"https:\/\/kristongitka.com\/index.php\/tortenetem\/","title":{"rendered":"T\u00f6rt\u00e9netem"},"content":{"rendered":"\t\t<div data-elementor-type=\"wp-post\" data-elementor-id=\"2285\" class=\"elementor elementor-2285 elementor-1684\" data-elementor-post-type=\"page\">\n\t\t\t\t\t\t<section class=\"elementor-section elementor-top-section elementor-element elementor-element-huy4ujc elementor-section-boxed elementor-section-height-default elementor-section-height-default\" data-id=\"huy4ujc\" data-element_type=\"section\" data-settings=\"{&quot;background_background&quot;:&quot;classic&quot;}\">\n\t\t\t\t\t\t\t<div class=\"elementor-background-overlay\"><\/div>\n\t\t\t\t\t\t\t<div class=\"elementor-container elementor-column-gap-default\">\n\t\t\t\t\t<div class=\"elementor-column elementor-col-100 elementor-top-column elementor-element elementor-element-rrwhbp8\" data-id=\"rrwhbp8\" data-element_type=\"column\">\n\t\t\t<div class=\"elementor-widget-wrap elementor-element-populated\">\n\t\t\t\t\t\t<div class=\"elementor-element elementor-element-fe16d47 elementor-widget elementor-widget-heading\" data-id=\"fe16d47\" data-element_type=\"widget\" data-widget_type=\"heading.default\">\n\t\t\t\t<div class=\"elementor-widget-container\">\n\t\t\t\t\t<h5 class=\"elementor-heading-title elementor-size-default\">N\u00e9pm\u0171v\u00e9szet modern k\u00f6nt\u00f6sben<\/h5>\t\t\t\t<\/div>\n\t\t\t\t<\/div>\n\t\t\t\t<div class=\"elementor-element elementor-element-326e367 elementor-invisible elementor-widget elementor-widget-heading\" data-id=\"326e367\" data-element_type=\"widget\" data-settings=\"{&quot;_animation&quot;:&quot;fadeInUp&quot;}\" data-widget_type=\"heading.default\">\n\t\t\t\t<div class=\"elementor-widget-container\">\n\t\t\t\t\t<h1 class=\"elementor-heading-title elementor-size-default\">T\u00f6rt\u00e9netem<\/h1>\t\t\t\t<\/div>\n\t\t\t\t<\/div>\n\t\t\t\t<div class=\"elementor-element elementor-element-kefeint elementor-invisible elementor-widget elementor-widget-text-editor\" data-id=\"kefeint\" data-element_type=\"widget\" data-settings=\"{&quot;_animation&quot;:&quot;fadeInRight&quot;,&quot;_animation_delay&quot;:250}\" data-widget_type=\"text-editor.default\">\n\t\t\t\t<div class=\"elementor-widget-container\">\n\t\t\t\t\t\t\t\t\t<div class=\"elementor-element elementor-element-68d0c3b elementor-widget elementor-widget-text-editor animated fadeInUp\" data-id=\"68d0c3b\" data-element_type=\"widget\" data-settings=\"{&quot;_animation&quot;:&quot;fadeInUp&quot;}\" data-widget_type=\"text-editor.default\"><div class=\"elementor-widget-container\"><p>Kriston Gitka vagyok. Designer. A nevem egyben a v\u00e9djegyem is. A m\u00e1rk\u00e1t 2012-ben alap\u00edtottam, ami egy \u00f6nazonos, kifinomult, egyedi entit\u00e1s. \u00daj k\u00f6nt\u00f6sbe \u00f6lt\u00f6zteti a hagyom\u00e1nyt, visel\u0151j\u00e9nek komfort\u00e9rzetet \u00e9s k\u00fcl\u00f6nleges megjelen\u00e9st k\u00f6lcs\u00f6n\u00f6z egy rohan\u00f3 vil\u00e1gban.<\/p><p style=\"font-weight: 400;\">Mez\u0151k\u00f6vesden sz\u00fclettem, ahol a n\u00e9pm\u0171v\u00e9szettel foglalkoz\u00f3 Nagymam\u00e1m hat\u00e1s\u00e1ra, szinte kisl\u00e1nykorom \u00f3ta r\u00e9sze az \u00e9letemnek a n\u00e9pm\u0171v\u00e9szet, a magyar mot\u00edvumok \u00e9s a maty\u00f3 h\u00edmz\u00e9s. M\u00e1r 6 \u00e9ves korom \u00f3ta rajzolok maty\u00f3 r\u00f3zs\u00e1kat, s 8-10 \u00e9ves korom \u00f3ta h\u00edmzem is ezeket a csod\u00e1latos d\u00edsz\u00edt\u0151 mot\u00edvumokat. A 2010-es \u00e9vek elej\u00e9n, saj\u00e1t ruhat\u00e1ram felfriss\u00edt\u00e9s\u00e9re k\u00e9sz\u00edtettem n\u00e9h\u00e1ny h\u00edmz\u00e9st az egyszer\u0171bb ruh\u00e1imra, melyek kapcs\u00e1n az emberek visszajelz\u00e9se egybehangz\u00f3an pozit\u00edv volt. N\u00e9h\u00e1ny \u00e9vvel k\u00e9s\u0151bb alkalmam ny\u00edlt egy nagyon \u00e9rdekes egy\u00fcttm\u0171k\u00f6d\u00e9sre a Monacoban \u00e9l\u0151 magyar fest\u0151m\u0171v\u00e9sszel, Udvarhelyi Zsuzsann\u00e1val. Az \u00e1ltala k\u00e9sz\u00edtett nagym\u00e9ret\u0171 festm\u00e9nyeken \u00e1br\u00e1zolt n\u0151i alakok ruh\u00e1zat\u00e1t, \u00e9kszereit d\u00edsz\u00edtettem saj\u00e1t k\u00e9sz\u00edt\u00e9s\u0171 h\u00edmz\u00e9seimmel. Az alkot\u00e1soknak anno a monacoi Le Metropole Center, illetve a budapesti Szent Gell\u00e9rt F\u00fcrd\u0151 \u00e9s a Kempinski Hotel adott otthont.<\/p><\/div><\/div><div class=\"elementor-element elementor-element-16f5379 elementor-widget elementor-widget-heading animated fadeInUp\" data-id=\"16f5379\" data-element_type=\"widget\" data-settings=\"{&quot;_animation&quot;:&quot;fadeInUp&quot;}\" data-widget_type=\"heading.default\"><div class=\"elementor-widget-container\">\u00a0<\/div><\/div>\t\t\t\t\t\t\t\t<\/div>\n\t\t\t\t<\/div>\n\t\t\t\t\t<\/div>\n\t\t<\/div>\n\t\t\t\t\t<\/div>\n\t\t<\/section>\n\t\t\t\t<section class=\"elementor-section elementor-top-section elementor-element elementor-element-67e7f16 elementor-section-boxed elementor-section-height-default elementor-section-height-default\" data-id=\"67e7f16\" data-element_type=\"section\" data-settings=\"{&quot;background_background&quot;:&quot;classic&quot;}\">\n\t\t\t\t\t\t\t<div class=\"elementor-background-overlay\"><\/div>\n\t\t\t\t\t\t\t<div class=\"elementor-container elementor-column-gap-wider\">\n\t\t\t\t\t<div class=\"elementor-column elementor-col-50 elementor-top-column elementor-element elementor-element-deef920\" data-id=\"deef920\" data-element_type=\"column\">\n\t\t\t<div class=\"elementor-widget-wrap elementor-element-populated\">\n\t\t\t\t\t\t<div class=\"elementor-element elementor-element-bd74524 elementor-widget elementor-widget-heading\" data-id=\"bd74524\" data-element_type=\"widget\" data-widget_type=\"heading.default\">\n\t\t\t\t<div class=\"elementor-widget-container\">\n\t\t\t\t\t<h2 class=\"elementor-heading-title elementor-size-default\">Chaos D'Autmne<\/h2>\t\t\t\t<\/div>\n\t\t\t\t<\/div>\n\t\t\t\t<div class=\"elementor-element elementor-element-eca104b elementor-widget-divider--view-line elementor-widget elementor-widget-divider\" data-id=\"eca104b\" data-element_type=\"widget\" data-widget_type=\"divider.default\">\n\t\t\t\t<div class=\"elementor-widget-container\">\n\t\t\t\t\t\t\t<div class=\"elementor-divider\">\n\t\t\t<span class=\"elementor-divider-separator\">\n\t\t\t\t\t\t<\/span>\n\t\t<\/div>\n\t\t\t\t\t\t<\/div>\n\t\t\t\t<\/div>\n\t\t\t\t<div class=\"elementor-element elementor-element-aa70e9b elementor-widget elementor-widget-text-editor\" data-id=\"aa70e9b\" data-element_type=\"widget\" data-widget_type=\"text-editor.default\">\n\t\t\t\t<div class=\"elementor-widget-container\">\n\t\t\t\t\t\t\t\t\t<p style=\"font-weight: 400;\">2018-ban, egy\u00fcttm\u0171k\u00f6dve Sopronfalvi Ildik\u00f3 divatfot\u00f3ssal, lehet\u0151s\u00e9gem ny\u00edlt egy new york-i divat magazinban val\u00f3 megjelen\u00e9sre, ahol 6 oldalon kereszt\u00fcl a New Balance m\u00e1rka h\u00edres modellje mutatta be &#8222;CHAOS\u00a0D&#8217;AUTUMNE&#8221; kollekci\u00f3mat.<\/p>\t\t\t\t\t\t\t\t<\/div>\n\t\t\t\t<\/div>\n\t\t\t\t\t<\/div>\n\t\t<\/div>\n\t\t\t\t<div class=\"elementor-column elementor-col-50 elementor-top-column elementor-element elementor-element-ff8c453\" data-id=\"ff8c453\" data-element_type=\"column\">\n\t\t\t<div class=\"elementor-widget-wrap elementor-element-populated\">\n\t\t\t\t\t\t<div class=\"elementor-element elementor-element-4a35bd8 elementor-widget elementor-widget-heading\" data-id=\"4a35bd8\" data-element_type=\"widget\" data-widget_type=\"heading.default\">\n\t\t\t\t<div class=\"elementor-widget-container\">\n\t\t\t\t\t<h2 class=\"elementor-heading-title elementor-size-default\">Collaborations in Hungary<\/h2>\t\t\t\t<\/div>\n\t\t\t\t<\/div>\n\t\t\t\t<div class=\"elementor-element elementor-element-09748b7 elementor-widget-divider--view-line elementor-widget elementor-widget-divider\" data-id=\"09748b7\" data-element_type=\"widget\" data-widget_type=\"divider.default\">\n\t\t\t\t<div class=\"elementor-widget-container\">\n\t\t\t\t\t\t\t<div class=\"elementor-divider\">\n\t\t\t<span class=\"elementor-divider-separator\">\n\t\t\t\t\t\t<\/span>\n\t\t<\/div>\n\t\t\t\t\t\t<\/div>\n\t\t\t\t<\/div>\n\t\t\t\t<div class=\"elementor-element elementor-element-bae3cbf elementor-widget elementor-widget-text-editor\" data-id=\"bae3cbf\" data-element_type=\"widget\" data-widget_type=\"text-editor.default\">\n\t\t\t\t<div class=\"elementor-widget-container\">\n\t\t\t\t\t\t\t\t\t<p>2018-t\u00f3l egy\u00fcttm\u0171k\u00f6d\u0151m t\u00f6bb magyar m\u00e1rk\u00e1val is, mint mot\u00edvumtervez\u0151, h\u00edmz\u00e9stechnika-, illetve sz\u00edntan\u00e1csad\u00f3. Sz\u00e1mos k\u00f6z\u00f6s alkot\u00e1s sz\u00fcletett, illetve sz\u00fcletik h\u00f3napr\u00f3l h\u00f3napra, melyek igaz\u00e1n k\u00f6zkedveltek mind a hazai-, mind pedig a nemzetk\u00f6zi piacon (tutuME, Kafi).<\/p><p>\u00a0<\/p>\t\t\t\t\t\t\t\t<\/div>\n\t\t\t\t<\/div>\n\t\t\t\t\t<\/div>\n\t\t<\/div>\n\t\t\t\t\t<\/div>\n\t\t<\/section>\n\t\t\t\t<\/div>\n\t\t","protected":false},"excerpt":{"rendered":"<p>N\u00e9pm\u0171v\u00e9szet modern k\u00f6nt\u00f6sben T\u00f6rt\u00e9netem Kriston Gitka vagyok. Designer. A nevem egyben a v\u00e9djegyem is. A m\u00e1rk\u00e1t 2012-ben alap\u00edtottam, ami egy \u00f6nazonos, kifinomult, egyedi entit\u00e1s. \u00daj k\u00f6nt\u00f6sbe \u00f6lt\u00f6zteti a hagyom\u00e1nyt, visel\u0151j\u00e9nek komfort\u00e9rzetet \u00e9s k\u00fcl\u00f6nleges megjelen\u00e9st k\u00f6lcs\u00f6n\u00f6z egy rohan\u00f3 vil\u00e1gban. Mez\u0151k\u00f6vesden sz\u00fclettem, ahol a n\u00e9pm\u0171v\u00e9szettel foglalkoz\u00f3 Nagymam\u00e1m hat\u00e1s\u00e1ra, szinte kisl\u00e1nykorom \u00f3ta r\u00e9sze az \u00e9letemnek a n\u00e9pm\u0171v\u00e9szet, a &hellip;<\/p>\n<p class=\"read-more\"> <a class=\"\" href=\"https:\/\/kristongitka.com\/index.php\/tortenetem\/\"> <span class=\"screen-reader-text\">T\u00f6rt\u00e9netem<\/span> Read More \u00bb<\/a><\/p>\n","protected":false},"author":3,"featured_media":0,"parent":0,"menu_order":0,"comment_status":"closed","ping_status":"closed","template":"","meta":{"footnotes":""},"class_list":["post-2285","page","type-page","status-publish","hentry"],"_links":{"self":[{"href":"https:\/\/kristongitka.com\/index.php\/wp-json\/wp\/v2\/pages\/2285","targetHints":{"allow":["GET"]}}],"collection":[{"href":"https:\/\/kristongitka.com\/index.php\/wp-json\/wp\/v2\/pages"}],"about":[{"href":"https:\/\/kristongitka.com\/index.php\/wp-json\/wp\/v2\/types\/page"}],"author":[{"embeddable":true,"href":"https:\/\/kristongitka.com\/index.php\/wp-json\/wp\/v2\/users\/3"}],"replies":[{"embeddable":true,"href":"https:\/\/kristongitka.com\/index.php\/wp-json\/wp\/v2\/comments?post=2285"}],"version-history":[{"count":4,"href":"https:\/\/kristongitka.com\/index.php\/wp-json\/wp\/v2\/pages\/2285\/revisions"}],"predecessor-version":[{"id":2293,"href":"https:\/\/kristongitka.com\/index.php\/wp-json\/wp\/v2\/pages\/2285\/revisions\/2293"}],"wp:attachment":[{"href":"https:\/\/kristongitka.com\/index.php\/wp-json\/wp\/v2\/media?parent=2285"}],"curies":[{"name":"wp","href":"https:\/\/api.w.org\/{rel}","templated":true}]}}